{"id":11621,"date":"2021-12-13T11:38:55","date_gmt":"2021-12-13T11:38:55","guid":{"rendered":"https:\/\/trevian.fi\/?page_id=11621"},"modified":"2021-12-15T08:04:30","modified_gmt":"2021-12-15T08:04:30","slug":"erottaja2-tsaarinajan-arvokkuus-ja-moderni-tyoelama-kohtaavat-en","status":"publish","type":"page","link":"https:\/\/trevian.fi\/en\/premises\/erottaja2-tsaarinajan-arvokkuus-ja-moderni-tyoelama-kohtaavat-en\/","title":{"rendered":"Erottaja2 \u2013 Tsaarinajan arvokkuus ja moderni ty\u00f6el\u00e4m\u00e4 kohtaavat EN"},"content":{"rendered":"<div id=\"cs-content\" class=\"cs-content\"><\/div>\n","protected":false},"excerpt":{"rendered":"<p>Erottaja2 sijaitsee Helsingin paraatipaikalla, osoitteessa Erottajankatu 2. Kuusikerroksisessa arvotalossa on yhteens\u00e4 5700 m2 toimistotilaa sek\u00e4 upeita tiloja ravintoloille katutasossa.<\/p>\n","protected":false},"author":1,"featured_media":11550,"parent":11401,"menu_order":0,"comment_status":"closed","ping_status":"closed","template":"template-blank-4.php","meta":{"_acf_changed":false,"_improvement_type_select":"improve_an_existing","_thumb_yes_seoaic":false,"_frame_yes_seoaic":false,"seoaic_generate_description":"","seoaic_improve_instructions_prompt":"","seoaic_rollback_content_improvement":"","seoaic_idea_thumbnail_generator":"","thumbnail_generated":false,"thumbnail_generate_prompt":"","seoaic_article_description":"","footnotes":""},"categories":[138],"tags":[],"class_list":["post-11621","page","type-page","status-publish","has-post-thumbnail","hentry","category-assetlist"],"acf":[],"yoast_head":"<!-- This site is optimized with the Yoast SEO plugin v27.1.1 - https:\/\/yoast.com\/product\/yoast-seo-wordpress\/ -->\n<title>Erottaja2 \u2013 Tsaarinajan arvokkuus ja moderni ty\u00f6el\u00e4m\u00e4 kohtaavat EN - Trevian<\/title>\n<meta name=\"robots\" content=\"index, follow, max-snippet:-1, max-image-preview:large, max-video-preview:-1\" \/>\n<link rel=\"canonical\" href=\"https:\/\/trevian.fi\/en\/premises\/erottaja2-tsaarinajan-arvokkuus-ja-moderni-tyoelama-kohtaavat-en\/\" \/>\n<meta property=\"og:locale\" content=\"en_US\" \/>\n<meta property=\"og:type\" content=\"article\" \/>\n<meta property=\"og:title\" content=\"Erottaja2 \u2013 Tsaarinajan arvokkuus ja moderni ty\u00f6el\u00e4m\u00e4 kohtaavat EN - Trevian\" \/>\n<meta property=\"og:description\" content=\"Erottaja2 sijaitsee Helsingin paraatipaikalla, osoitteessa Erottajankatu 2. Kuusikerroksisessa arvotalossa on yhteens\u00e4 5700 m2 toimistotilaa sek\u00e4 upeita tiloja ravintoloille katutasossa.\" \/>\n<meta property=\"og:url\" content=\"https:\/\/trevian.fi\/en\/premises\/erottaja2-tsaarinajan-arvokkuus-ja-moderni-tyoelama-kohtaavat-en\/\" \/>\n<meta property=\"og:site_name\" content=\"Trevian\" \/>\n<meta property=\"article:modified_time\" content=\"2021-12-15T08:04:30+00:00\" \/>\n<meta property=\"og:image\" content=\"https:\/\/trevian.fi\/wp-content\/uploads\/2021\/12\/erottaja2_julkisivu.jpg\" \/>\n\t<meta property=\"og:image:width\" content=\"2500\" \/>\n\t<meta property=\"og:image:height\" content=\"1807\" \/>\n\t<meta property=\"og:image:type\" content=\"image\/jpeg\" \/>\n<meta name=\"twitter:card\" content=\"summary_large_image\" \/>\n<script type=\"application\/ld+json\" class=\"yoast-schema-graph\">{\"@context\":\"https:\/\/schema.org\",\"@graph\":[{\"@type\":\"WebPage\",\"@id\":\"https:\/\/trevian.fi\/en\/premises\/erottaja2-tsaarinajan-arvokkuus-ja-moderni-tyoelama-kohtaavat-en\/\",\"url\":\"https:\/\/trevian.fi\/en\/premises\/erottaja2-tsaarinajan-arvokkuus-ja-moderni-tyoelama-kohtaavat-en\/\",\"name\":\"Erottaja2 \u2013 Tsaarinajan arvokkuus ja moderni ty\u00f6el\u00e4m\u00e4 kohtaavat EN - Trevian\",\"isPartOf\":{\"@id\":\"https:\/\/trevian.fi\/en\/#website\"},\"primaryImageOfPage\":{\"@id\":\"https:\/\/trevian.fi\/en\/premises\/erottaja2-tsaarinajan-arvokkuus-ja-moderni-tyoelama-kohtaavat-en\/#primaryimage\"},\"image\":{\"@id\":\"https:\/\/trevian.fi\/en\/premises\/erottaja2-tsaarinajan-arvokkuus-ja-moderni-tyoelama-kohtaavat-en\/#primaryimage\"},\"thumbnailUrl\":\"https:\/\/trevian.fi\/wp-content\/uploads\/2021\/12\/erottaja2_julkisivu.jpg\",\"datePublished\":\"2021-12-13T11:38:55+00:00\",\"dateModified\":\"2021-12-15T08:04:30+00:00\",\"breadcrumb\":{\"@id\":\"https:\/\/trevian.fi\/en\/premises\/erottaja2-tsaarinajan-arvokkuus-ja-moderni-tyoelama-kohtaavat-en\/#breadcrumb\"},\"inLanguage\":\"en-US\",\"potentialAction\":[{\"@type\":\"ReadAction\",\"target\":[\"https:\/\/trevian.fi\/en\/premises\/erottaja2-tsaarinajan-arvokkuus-ja-moderni-tyoelama-kohtaavat-en\/\"]}]},{\"@type\":\"ImageObject\",\"inLanguage\":\"en-US\",\"@id\":\"https:\/\/trevian.fi\/en\/premises\/erottaja2-tsaarinajan-arvokkuus-ja-moderni-tyoelama-kohtaavat-en\/#primaryimage\",\"url\":\"https:\/\/trevian.fi\/wp-content\/uploads\/2021\/12\/erottaja2_julkisivu.jpg\",\"contentUrl\":\"https:\/\/trevian.fi\/wp-content\/uploads\/2021\/12\/erottaja2_julkisivu.jpg\",\"width\":2500,\"height\":1807,\"caption\":\"OLYMPUS DIGITAL CAMERA\"},{\"@type\":\"BreadcrumbList\",\"@id\":\"https:\/\/trevian.fi\/en\/premises\/erottaja2-tsaarinajan-arvokkuus-ja-moderni-tyoelama-kohtaavat-en\/#breadcrumb\",\"itemListElement\":[{\"@type\":\"ListItem\",\"position\":1,\"name\":\"Home\",\"item\":\"https:\/\/trevian.fi\/en\/\"},{\"@type\":\"ListItem\",\"position\":2,\"name\":\"Premises\",\"item\":\"https:\/\/trevian.fi\/en\/?page_id=11401\"},{\"@type\":\"ListItem\",\"position\":3,\"name\":\"Erottaja2 \u2013 Tsaarinajan arvokkuus ja moderni ty\u00f6el\u00e4m\u00e4 kohtaavat EN\"}]},{\"@type\":\"WebSite\",\"@id\":\"https:\/\/trevian.fi\/en\/#website\",\"url\":\"https:\/\/trevian.fi\/en\/\",\"name\":\"Trevian\",\"description\":\"Just another WordPress site\",\"potentialAction\":[{\"@type\":\"SearchAction\",\"target\":{\"@type\":\"EntryPoint\",\"urlTemplate\":\"https:\/\/trevian.fi\/en\/?s={search_term_string}\"},\"query-input\":{\"@type\":\"PropertyValueSpecification\",\"valueRequired\":true,\"valueName\":\"search_term_string\"}}],\"inLanguage\":\"en-US\"}]}<\/script>\n<!-- \/ Yoast SEO plugin. -->","yoast_head_json":{"title":"Erottaja2 \u2013 Tsaarinajan arvokkuus ja moderni ty\u00f6el\u00e4m\u00e4 kohtaavat EN - Trevian","robots":{"index":"index","follow":"follow","max-snippet":"max-snippet:-1","max-image-preview":"max-image-preview:large","max-video-preview":"max-video-preview:-1"},"canonical":"https:\/\/trevian.fi\/en\/premises\/erottaja2-tsaarinajan-arvokkuus-ja-moderni-tyoelama-kohtaavat-en\/","og_locale":"en_US","og_type":"article","og_title":"Erottaja2 \u2013 Tsaarinajan arvokkuus ja moderni ty\u00f6el\u00e4m\u00e4 kohtaavat EN - Trevian","og_description":"Erottaja2 sijaitsee Helsingin paraatipaikalla, osoitteessa Erottajankatu 2. Kuusikerroksisessa arvotalossa on yhteens\u00e4 5700 m2 toimistotilaa sek\u00e4 upeita tiloja ravintoloille katutasossa.","og_url":"https:\/\/trevian.fi\/en\/premises\/erottaja2-tsaarinajan-arvokkuus-ja-moderni-tyoelama-kohtaavat-en\/","og_site_name":"Trevian","article_modified_time":"2021-12-15T08:04:30+00:00","og_image":[{"width":2500,"height":1807,"url":"https:\/\/trevian.fi\/wp-content\/uploads\/2021\/12\/erottaja2_julkisivu.jpg","type":"image\/jpeg"}],"twitter_card":"summary_large_image","schema":{"@context":"https:\/\/schema.org","@graph":[{"@type":"WebPage","@id":"https:\/\/trevian.fi\/en\/premises\/erottaja2-tsaarinajan-arvokkuus-ja-moderni-tyoelama-kohtaavat-en\/","url":"https:\/\/trevian.fi\/en\/premises\/erottaja2-tsaarinajan-arvokkuus-ja-moderni-tyoelama-kohtaavat-en\/","name":"Erottaja2 \u2013 Tsaarinajan arvokkuus ja moderni ty\u00f6el\u00e4m\u00e4 kohtaavat EN - Trevian","isPartOf":{"@id":"https:\/\/trevian.fi\/en\/#website"},"primaryImageOfPage":{"@id":"https:\/\/trevian.fi\/en\/premises\/erottaja2-tsaarinajan-arvokkuus-ja-moderni-tyoelama-kohtaavat-en\/#primaryimage"},"image":{"@id":"https:\/\/trevian.fi\/en\/premises\/erottaja2-tsaarinajan-arvokkuus-ja-moderni-tyoelama-kohtaavat-en\/#primaryimage"},"thumbnailUrl":"https:\/\/trevian.fi\/wp-content\/uploads\/2021\/12\/erottaja2_julkisivu.jpg","datePublished":"2021-12-13T11:38:55+00:00","dateModified":"2021-12-15T08:04:30+00:00","breadcrumb":{"@id":"https:\/\/trevian.fi\/en\/premises\/erottaja2-tsaarinajan-arvokkuus-ja-moderni-tyoelama-kohtaavat-en\/#breadcrumb"},"inLanguage":"en-US","potentialAction":[{"@type":"ReadAction","target":["https:\/\/trevian.fi\/en\/premises\/erottaja2-tsaarinajan-arvokkuus-ja-moderni-tyoelama-kohtaavat-en\/"]}]},{"@type":"ImageObject","inLanguage":"en-US","@id":"https:\/\/trevian.fi\/en\/premises\/erottaja2-tsaarinajan-arvokkuus-ja-moderni-tyoelama-kohtaavat-en\/#primaryimage","url":"https:\/\/trevian.fi\/wp-content\/uploads\/2021\/12\/erottaja2_julkisivu.jpg","contentUrl":"https:\/\/trevian.fi\/wp-content\/uploads\/2021\/12\/erottaja2_julkisivu.jpg","width":2500,"height":1807,"caption":"OLYMPUS DIGITAL CAMERA"},{"@type":"BreadcrumbList","@id":"https:\/\/trevian.fi\/en\/premises\/erottaja2-tsaarinajan-arvokkuus-ja-moderni-tyoelama-kohtaavat-en\/#breadcrumb","itemListElement":[{"@type":"ListItem","position":1,"name":"Home","item":"https:\/\/trevian.fi\/en\/"},{"@type":"ListItem","position":2,"name":"Premises","item":"https:\/\/trevian.fi\/en\/?page_id=11401"},{"@type":"ListItem","position":3,"name":"Erottaja2 \u2013 Tsaarinajan arvokkuus ja moderni ty\u00f6el\u00e4m\u00e4 kohtaavat EN"}]},{"@type":"WebSite","@id":"https:\/\/trevian.fi\/en\/#website","url":"https:\/\/trevian.fi\/en\/","name":"Trevian","description":"Just another WordPress site","potentialAction":[{"@type":"SearchAction","target":{"@type":"EntryPoint","urlTemplate":"https:\/\/trevian.fi\/en\/?s={search_term_string}"},"query-input":{"@type":"PropertyValueSpecification","valueRequired":true,"valueName":"search_term_string"}}],"inLanguage":"en-US"}]}},"_links":{"self":[{"href":"https:\/\/trevian.fi\/en\/wp-json\/wp\/v2\/pages\/11621","targetHints":{"allow":["GET"]}}],"collection":[{"href":"https:\/\/trevian.fi\/en\/wp-json\/wp\/v2\/pages"}],"about":[{"href":"https:\/\/trevian.fi\/en\/wp-json\/wp\/v2\/types\/page"}],"author":[{"embeddable":true,"href":"https:\/\/trevian.fi\/en\/wp-json\/wp\/v2\/users\/1"}],"replies":[{"embeddable":true,"href":"https:\/\/trevian.fi\/en\/wp-json\/wp\/v2\/comments?post=11621"}],"version-history":[{"count":5,"href":"https:\/\/trevian.fi\/en\/wp-json\/wp\/v2\/pages\/11621\/revisions"}],"predecessor-version":[{"id":11875,"href":"https:\/\/trevian.fi\/en\/wp-json\/wp\/v2\/pages\/11621\/revisions\/11875"}],"up":[{"embeddable":true,"href":"https:\/\/trevian.fi\/en\/wp-json\/wp\/v2\/pages\/11401"}],"wp:featuredmedia":[{"embeddable":true,"href":"https:\/\/trevian.fi\/en\/wp-json\/wp\/v2\/media\/11550"}],"wp:attachment":[{"href":"https:\/\/trevian.fi\/en\/wp-json\/wp\/v2\/media?parent=11621"}],"wp:term":[{"taxonomy":"category","embeddable":true,"href":"https:\/\/trevian.fi\/en\/wp-json\/wp\/v2\/categories?post=11621"},{"taxonomy":"post_tag","embeddable":true,"href":"https:\/\/trevian.fi\/en\/wp-json\/wp\/v2\/tags?post=11621"}],"curies":[{"name":"wp","href":"https:\/\/api.w.org\/{rel}","templated":true}]}}